{"id":852,"date":"2022-03-25T14:55:42","date_gmt":"2022-03-25T13:55:42","guid":{"rendered":"https:\/\/italienischehotels.ch\/home\/"},"modified":"2024-11-19T15:40:17","modified_gmt":"2024-11-19T14:40:17","slug":"home","status":"publish","type":"page","link":"https:\/\/italienischehotels.ch\/de\/","title":{"rendered":"Home"},"content":{"rendered":"\n<div class=\"wp-block-stackable-columns alignfull stk-block-columns stk-block stk-cf247fd stk-block-background stk--has-background-overlay\" data-block-id=\"cf247fd\"><style>.stk-cf247fd{background-color:#00000000 !important;background-position:center center !important;padding-top:320px !important;padding-bottom:220px !important;margin-bottom:0px !important}.stk-cf247fd:before{background-color:#00000000 !important;opacity:0.7 !important}@media screen and (max-width:1023px){.stk-cf247fd{padding-top:170px !important;padding-bottom:100px !important}}<\/style><div class=\"stk-row stk-inner-blocks has-text-align-center stk-block-content stk-content-align stk-cf247fd-column\">\n<div class=\"wp-block-stackable-column stk-block-column stk-column stk-block stk-1d93b9f\" data-v=\"4\" data-block-id=\"1d93b9f\"><style>.stk-1d93b9f-container{margin-top:0px !important;margin-right:0px !important;margin-bottom:0px !important;margin-left:0px !important}<\/style><div class=\"stk-column-wrapper stk-block-column__content stk-container stk-1d93b9f-container stk--no-background stk--no-padding\"><div class=\"stk-block-content stk-inner-blocks stk-1d93b9f-inner-blocks\">\n<div style=\"height:132px\" aria-hidden=\"true\" class=\"wp-block-spacer\"><\/div>\n<\/div><\/div><\/div>\n<\/div><video class=\"stk-video-background\" autoplay muted loop playsinline src=\"http:\/\/italienischehotels.ch\/wp-content\/uploads\/sites\/2\/2024\/10\/Video-senza-titolo-Realizzato-con-Clipchamp-15.mp4\" poster=\"\"><\/video><\/div>\n\n<div class=\"wp-block-stackable-spacer stk-block-spacer stk--no-padding stk-block stk-16cb550\" data-block-id=\"16cb550\"><style>.stk-16cb550{height:0px !important}@media screen and (max-width:1023px){.stk-16cb550{height:80px !important}}@media screen and (max-width:767px){.stk-16cb550{height:60px !important}}<\/style><\/div>\n\n<div class=\"wp-block-stackable-text stk-block-text stk-block stk-3914fb0\" id=\"seo\" data-block-id=\"3914fb0\"><style>.stk-3914fb0{margin-bottom:35px !important}.stk-3914fb0 .stk-block-text__text{color:var(--theme-palette-color-3,#595970) !important;font-weight:700 !important}<\/style><p class=\"stk-block-text__text has-text-color has-palette-color-3-color has-text-align-center\"><br\/><\/p><\/div>\n<div class=\"localita-lista\"><a href=\"https:\/\/italienischehotels.ch\/de\/localita\/lido-di-savio\/\" class=\"localita-box\"><img decoding=\"async\" src=\"https:\/\/urlaubinbelpaese.de\/wp-content\/uploads\/sites\/2\/2024\/11\/1655994289_85_lido-di-savio_9.jpg\" alt=\"Lido di Savio\"><span class=\"hotel-count\">2 Hotels verf\u00fcgbar<\/span><h2 class=\"localita-title\">Lido di Savio<\/h2><\/a><a href=\"https:\/\/italienischehotels.ch\/de\/localita\/rimini-2\/\" class=\"localita-box\"><img decoding=\"async\" src=\"https:\/\/urlaubinbelpaese.de\/wp-content\/uploads\/sites\/2\/2024\/11\/rimini-letecka.jpg\" alt=\"Rimini\"><span class=\"hotel-count\">13 Hotels verf\u00fcgbar<\/span><h2 class=\"localita-title\">Rimini<\/h2><\/a><a href=\"https:\/\/italienischehotels.ch\/de\/localita\/cervia\/\" class=\"localita-box\"><img decoding=\"async\" src=\"https:\/\/urlaubinbelpaese.de\/wp-content\/uploads\/sites\/2\/2024\/11\/crp570x610-cervia-1.jpg\" alt=\"Cervia\"><span class=\"hotel-count\">3 Hotels verf\u00fcgbar<\/span><h2 class=\"localita-title\">Cervia<\/h2><\/a><a href=\"https:\/\/italienischehotels.ch\/de\/localita\/bellaria-igea-marina\/\" class=\"localita-box\"><img decoding=\"async\" src=\"https:\/\/urlaubinbelpaese.de\/wp-content\/uploads\/sites\/2\/2024\/11\/294769-Emilia-Romagna.jpg\" alt=\"Bellaria Igea Marina\"><span class=\"hotel-count\">8 Hotels verf\u00fcgbar<\/span><h2 class=\"localita-title\">Bellaria Igea Marina<\/h2><\/a><a href=\"https:\/\/italienischehotels.ch\/de\/localita\/gatteo-mare\/\" class=\"localita-box\"><img decoding=\"async\" src=\"https:\/\/urlaubinbelpaese.de\/wp-content\/uploads\/sites\/2\/2024\/11\/cosa-vedere-gatteo-mare-romagna.jpg\" alt=\"Gatteo Mare\"><span class=\"hotel-count\">2 Hotels verf\u00fcgbar<\/span><h2 class=\"localita-title\">Gatteo Mare<\/h2><\/a><a href=\"https:\/\/italienischehotels.ch\/de\/localita\/milano-marittima\/\" class=\"localita-box\"><img decoding=\"async\" src=\"https:\/\/urlaubinbelpaese.de\/wp-content\/uploads\/sites\/2\/2024\/11\/2_24161.jpg\" alt=\"Milano Marittima\"><span class=\"hotel-count\">4 Hotels verf\u00fcgbar<\/span><h2 class=\"localita-title\">Milano Marittima<\/h2><\/a><a href=\"https:\/\/italienischehotels.ch\/de\/localita\/riccione\/\" class=\"localita-box\"><img decoding=\"async\" src=\"https:\/\/urlaubinbelpaese.de\/wp-content\/uploads\/sites\/2\/2024\/12\/riccione-spiaggia.jpg\" alt=\"Riccione\"><span class=\"hotel-count\">10 Hotels verf\u00fcgbar<\/span><h2 class=\"localita-title\">Riccione<\/h2><\/a><a href=\"https:\/\/italienischehotels.ch\/de\/localita\/giulianova-lido\/\" class=\"localita-box\"><img decoding=\"async\" src=\"https:\/\/urlaubinbelpaese.de\/wp-content\/uploads\/sites\/2\/2024\/12\/giulianovalido.jpg\" alt=\"Giulianova Lido\"><span class=\"hotel-count\">1 Hotels verf\u00fcgbar<\/span><h2 class=\"localita-title\">Giulianova Lido<\/h2><\/a><a href=\"https:\/\/italienischehotels.ch\/de\/localita\/cattolica\/\" class=\"localita-box\"><img decoding=\"async\" src=\"https:\/\/urlaubinbelpaese.de\/wp-content\/uploads\/sites\/2\/2024\/12\/cattolica-1.jpg\" alt=\"Cattolica\"><span class=\"hotel-count\">3 Hotels verf\u00fcgbar<\/span><h2 class=\"localita-title\">Cattolica<\/h2><\/a><a href=\"https:\/\/italienischehotels.ch\/de\/localita\/misano-adriatico\/\" class=\"localita-box\"><img decoding=\"async\" src=\"https:\/\/urlaubinbelpaese.de\/wp-content\/uploads\/sites\/2\/2024\/11\/lungomare_misano_1.jpg\" alt=\"Misano Adriatico\"><span class=\"hotel-count\">3 Hotels verf\u00fcgbar<\/span><h2 class=\"localita-title\">Misano Adriatico<\/h2><\/a><a href=\"https:\/\/italienischehotels.ch\/de\/localita\/gabicce-mare\/\" class=\"localita-box\"><img decoding=\"async\" src=\"https:\/\/urlaubinbelpaese.de\/wp-content\/uploads\/sites\/2\/2024\/12\/GabicceMarePorto.jpg\" alt=\"Gabicce Mare\"><span class=\"hotel-count\">4 Hotels verf\u00fcgbar<\/span><h2 class=\"localita-title\">Gabicce Mare<\/h2><\/a><a href=\"https:\/\/italienischehotels.ch\/de\/localita\/lido-di-jesolo-2\/\" class=\"localita-box\"><img decoding=\"async\" src=\"https:\/\/urlaubinbelpaese.de\/wp-content\/uploads\/sites\/2\/2024\/12\/Jesolo.jpg\" alt=\"Lido di Jesolo\"><span class=\"hotel-count\">1 Hotels verf\u00fcgbar<\/span><h2 class=\"localita-title\">Lido di Jesolo<\/h2><\/a><a href=\"https:\/\/italienischehotels.ch\/de\/localita\/cesenatico-2\/\" class=\"localita-box\"><img decoding=\"async\" src=\"https:\/\/urlaubinbelpaese.de\/wp-content\/uploads\/sites\/2\/2024\/11\/spiaggia-di-Cesenatico.jpg\" alt=\"Cesenatico\"><span class=\"hotel-count\">5 Hotels verf\u00fcgbar<\/span><h2 class=\"localita-title\">Cesenatico<\/h2><\/a><a href=\"https:\/\/italienischehotels.ch\/de\/localita\/san-mauro-mare\/\" class=\"localita-box\"><img decoding=\"async\" src=\"https:\/\/urlaubinbelpaese.de\/wp-content\/uploads\/sites\/2\/2024\/11\/san-mauro-mare-panoramica-archivio-comune-san-mauro-cc-by-nc-sa-3.0-min-scaled.jpg\" alt=\"San Mauro Mare\"><span class=\"hotel-count\">2 Hotels verf\u00fcgbar<\/span><h2 class=\"localita-title\">San Mauro Mare<\/h2><\/a><\/div>\n\n<p><\/p>\n","protected":false},"excerpt":{"rendered":"","protected":false},"author":1,"featured_media":0,"parent":0,"menu_order":0,"comment_status":"closed","ping_status":"closed","template":"","meta":{"_acf_changed":false,"footnotes":""},"class_list":["post-852","page","type-page","status-publish","hentry"],"blocksy_meta":{"styles_descriptor":{"styles":{"desktop":"","tablet":"","mobile":""},"google_fonts":[],"version":6}},"acf":[],"featured_image_urls":{"full":"","thumbnail":"","medium":"","medium_large":"","large":"","1536x1536":"","2048x2048":""},"post_excerpt_stackable":"<p>3 Hotels verf\u00fcgbarCervia1 Hotels verf\u00fcgbarGiulianova Lido13 Hotels verf\u00fcgbarRimini3 Hotels verf\u00fcgbarMisano Adriatico1 Hotels verf\u00fcgbarLido di Jesolo5 Hotels verf\u00fcgbarCesenatico2 Hotels verf\u00fcgbarLido di Savio10 Hotels verf\u00fcgbarRiccione4 Hotels verf\u00fcgbarMilano Marittima4 Hotels verf\u00fcgbarGabicce Mare8 Hotels verf\u00fcgbarBellaria Igea Marina2 Hotels verf\u00fcgbarGatteo Mare2 Hotels verf\u00fcgbarSan Mauro Mare3 Hotels verf\u00fcgbarCattolica<\/p>\n","category_list":"","author_info":{"name":"admin","url":"https:\/\/italienischehotels.ch\/de\/author\/mario\/"},"comments_num":"0 comments","_links":{"self":[{"href":"https:\/\/italienischehotels.ch\/de\/wp-json\/wp\/v2\/pages\/852","targetHints":{"allow":["GET"]}}],"collection":[{"href":"https:\/\/italienischehotels.ch\/de\/wp-json\/wp\/v2\/pages"}],"about":[{"href":"https:\/\/italienischehotels.ch\/de\/wp-json\/wp\/v2\/types\/page"}],"author":[{"embeddable":true,"href":"https:\/\/italienischehotels.ch\/de\/wp-json\/wp\/v2\/users\/1"}],"replies":[{"embeddable":true,"href":"https:\/\/italienischehotels.ch\/de\/wp-json\/wp\/v2\/comments?post=852"}],"version-history":[{"count":1,"href":"https:\/\/italienischehotels.ch\/de\/wp-json\/wp\/v2\/pages\/852\/revisions"}],"predecessor-version":[{"id":853,"href":"https:\/\/italienischehotels.ch\/de\/wp-json\/wp\/v2\/pages\/852\/revisions\/853"}],"wp:attachment":[{"href":"https:\/\/italienischehotels.ch\/de\/wp-json\/wp\/v2\/media?parent=852"}],"curies":[{"name":"wp","href":"https:\/\/api.w.org\/{rel}","templated":true}]}}